{"id":311,"date":"2023-04-28T09:55:18","date_gmt":"2023-04-28T07:55:18","guid":{"rendered":"https:\/\/campingduhable.lahague.com\/?page_id=311"},"modified":"2023-04-28T10:01:29","modified_gmt":"2023-04-28T08:01:29","slug":"la-hague-un-territoire-a-decouvrir","status":"publish","type":"page","link":"https:\/\/campingduhable.lahague.com\/?page_id=311","title":{"rendered":"La Hague : un territoire \u00e0 d\u00e9couvrir"},"content":{"rendered":"\n<figure class=\"wp-block-image size-large\"><img loading=\"lazy\" width=\"886\" height=\"498\" src=\"https:\/\/campingduhable.lahague.com\/wp-content\/uploads\/2023\/04\/DJI_0051.jpg\" alt=\"\" class=\"wp-image-312\" srcset=\"https:\/\/campingduhable.lahague.com\/wp-content\/uploads\/2023\/04\/DJI_0051.jpg 886w, https:\/\/campingduhable.lahague.com\/wp-content\/uploads\/2023\/04\/DJI_0051-300x169.jpg 300w, https:\/\/campingduhable.lahague.com\/wp-content\/uploads\/2023\/04\/DJI_0051-768x432.jpg 768w\" sizes=\"(max-width: 886px) 100vw, 886px\" \/><\/figure>\n\n\n\n<p>A 2 km seulement, venez faire un bond dans le XVI\u00e8me si\u00e8cle, en visitant le manoir du Tourp, vous y d\u00e9couvrirez l\u2019histoire de la Hague et de ses habitants. Vous trouverez \u00e9galement des expositions temporaires.<\/p>\n\n\n\n<p>Visitez la maison et le jardin du po\u00e8te Jacques Pr\u00e9vert o\u00f9 il v\u00e9cut les derni\u00e8res ann\u00e9es de sa vie. Le po\u00e8te repose au cimeti\u00e8re d\u2019Omonville La Petite commune d\u00e9l\u00e9gu\u00e9e de LA HAGUE.<\/p>\n\n\n\n<p>Puis celle o\u00f9 Jean-Fran\u00e7ois Millet est n\u00e9, \u00e0 Gr\u00e9ville-Hague commune d\u00e9l\u00e9gu\u00e9e de LA HAGUE. Aujourd\u2019hui restaur\u00e9e, elle \u00e9voque l\u2019enfance et la formation du peintre.<\/p>\n\n\n\n<p>Ne manquez pas le port de Goury et son phare tout au bout du bout, \u00e0 Auderville commune d\u00e9l\u00e9gu\u00e9e de LA HAGUE. Haut de cinquante m\u00e8tres, il fut mis en service d\u00e8s 1837. Face \u00e0 lui, le Raz Blanchard, l\u2019un des courants de mar\u00e9e les plus forts d\u2019Europe.<\/p>\n\n\n\n<p>Le jardin botanique de Vauville commune d\u00e9l\u00e9gu\u00e9e de LA HAGUE \u00e9galement appel\u00e9 Jardin du Voyageur, situ\u00e9 \u00e0 la pointe nord-ouest, abrite plus de 1 000 esp\u00e8ces de plantes de l&rsquo;h\u00e9misph\u00e8re austral.<\/p>\n\n\n\n<p class=\"has-text-align-left\">Le plan\u00e9tarium Ludiver \u00e0 Tonneville et Flottemanville-Hague communes d\u00e9l\u00e9gu\u00e9es de LA HAGUE. Ce site touristique et p\u00e9dagogique permet la d\u00e9couverte en famille l\u2019astronomie, la conqu\u00eate spatiale, les sciences ainsi que l\u2019environnement de notre plan\u00e8te Terre. En \u00e9t\u00e9, profitez d\u2019un moment convivial autour d\u2019un atelier en famille ou d\u2019une soir\u00e9e d\u2019observation du ciel \u00e9toil\u00e9. En acc\u00e9dant par le chemin des cadrans solaires, le visiteur d\u00e9couvre le parc paysager panoramique domin\u00e9 par les coupoles de l\u2019observatoire.<\/p>\n\n\n\n<p>Mais aussi plus \u00e0 l\u2019est le plus petit port de France&nbsp;: Port Racine.<\/p>\n\n\n\n<p>Un sentier douanier le GR223 permet de parcourir l\u2019ensemble de la presqu\u2019\u00eele \u00e0 pied. Il surplombe les dunes de Biville inscrites au conservatoire du littoral depuis 1993.<\/p>\n\n\n\n<p>Une gare SNCF et un h\u00f4pital se situe \u00e0 Cherbourg en Cotentin soit \u00e0 25 km.<\/p>\n\n\n\n<p class=\"has-text-color\" style=\"color:#3e95bb\"><a href=\"https:\/\/lahague.fr\/\" target=\"_blank\" rel=\"noreferrer noopener\"><strong>En savoir plus sur la commune de La Hague<\/strong><\/a><\/p>\n","protected":false},"excerpt":{"rendered":"<p>A 2 km seulement, venez faire un bond dans le XVI\u00e8me si\u00e8cle, en visitant le manoir du Tourp, vous y d\u00e9couvrirez l\u2019histoire de la Hague et de ses habitants. Vous trouverez \u00e9galement des expositions temporaires. Visitez la maison et le jardin du po\u00e8te Jacques Pr\u00e9vert o\u00f9 il v\u00e9cut les derni\u00e8res ann\u00e9es de sa vie. Le<a class=\"more-link\" href=\"https:\/\/campingduhable.lahague.com\/?page_id=311\">Lire la suite <span class=\"screen-reader-text\">\u00ab\u00a0La Hague : un territoire \u00e0 d\u00e9couvrir\u00a0\u00bb<\/span><\/a><\/p>\n","protected":false},"author":2,"featured_media":312,"parent":0,"menu_order":0,"comment_status":"closed","ping_status":"closed","template":"","meta":[],"_links":{"self":[{"href":"https:\/\/campingduhable.lahague.com\/index.php?rest_route=\/wp\/v2\/pages\/311"}],"collection":[{"href":"https:\/\/campingduhable.lahague.com\/index.php?rest_route=\/wp\/v2\/pages"}],"about":[{"href":"https:\/\/campingduhable.lahague.com\/index.php?rest_route=\/wp\/v2\/types\/page"}],"author":[{"embeddable":true,"href":"https:\/\/campingduhable.lahague.com\/index.php?rest_route=\/wp\/v2\/users\/2"}],"replies":[{"embeddable":true,"href":"https:\/\/campingduhable.lahague.com\/index.php?rest_route=%2Fwp%2Fv2%2Fcomments&post=311"}],"version-history":[{"count":3,"href":"https:\/\/campingduhable.lahague.com\/index.php?rest_route=\/wp\/v2\/pages\/311\/revisions"}],"predecessor-version":[{"id":317,"href":"https:\/\/campingduhable.lahague.com\/index.php?rest_route=\/wp\/v2\/pages\/311\/revisions\/317"}],"wp:featuredmedia":[{"embeddable":true,"href":"https:\/\/campingduhable.lahague.com\/index.php?rest_route=\/wp\/v2\/media\/312"}],"wp:attachment":[{"href":"https:\/\/campingduhable.lahague.com\/index.php?rest_route=%2Fwp%2Fv2%2Fmedia&parent=311"}],"curies":[{"name":"wp","href":"https:\/\/api.w.org\/{rel}","templated":true}]}}