{"id":10,"date":"2021-03-16T14:52:10","date_gmt":"2021-03-16T13:52:10","guid":{"rendered":"https:\/\/campingduhable.wordpress.com\/?page_id=8"},"modified":"2026-04-01T15:04:49","modified_gmt":"2026-04-01T13:04:49","slug":"campingomonvillelaroguewanadoo-fr","status":"publish","type":"page","link":"https:\/\/campingduhable.lahague.com\/?page_id=10","title":{"rendered":"Contact"},"content":{"rendered":"\n<p class=\"has-text-align-left\"><\/p>\n\n\n\n<div style=\"height:32px\" aria-hidden=\"true\" class=\"wp-block-spacer desktop-only\"><\/div>\n\n\n\n<div class=\"wp-block-columns alignwide has-2-columns\">\n<div class=\"wp-block-column\">\n<h2 class=\"has-text-align-left\">Contactez-nous<br><em>Contact us<\/em><\/h2>\n\n\n\n<div class=\"wp-block-jetpack-contact-info\">\n<div class=\"wp-block-jetpack-address\"><div class=\"jetpack-address__address jetpack-address__address1\">4 rue de la Jonqui\u00e8re, Omonville-la-Rogue<\/div><div><span class=\"jetpack-address__region\"><\/span> <span class=\"jetpack-address__postal\">50440 La Hague<\/span><\/div><\/div>\n<div class=\"wp-block-jetpack-email\"><a href=\"mailto:campingduhable@lahague.com\">campingduhable@lahague.com<\/a><\/div>\n<div class=\"wp-block-jetpack-phone\"><a href=\"tel:0233528615\">02.33.52.86.15\n<\/a><\/div>\n<p>R\u00e9servation ch\u00e2let toute l&rsquo;ann\u00e9e.<\/p>\n<p>Notre camping est ouvert toute l&rsquo;ann\u00e9e aux campings cars<\/p>\n\n<p>Camping ouvert du 1er Avril au 19 Octobre<br>Open from 1st April to 20th October<\/p>\n<\/div>\n<p>n\u00b0 Siret&nbsp;: 200&nbsp;065&nbsp;415&nbsp;004 38<\/p>\n<\/div>\n<\/div>\n\n\n\n<figure class=\"wp-block-image size-large is-resized\"><img loading=\"lazy\" src=\"https:\/\/campingduhable.lahague.com\/wp-content\/uploads\/2025\/03\/Capture-de\u0301cran-2025-03-25-a\u0300-10.59.47-1024x523.png\" alt=\"\" class=\"wp-image-353\" width=\"780\" height=\"398\" srcset=\"https:\/\/campingduhable.lahague.com\/wp-content\/uploads\/2025\/03\/Capture-de\u0301cran-2025-03-25-a\u0300-10.59.47-1024x523.png 1024w, https:\/\/campingduhable.lahague.com\/wp-content\/uploads\/2025\/03\/Capture-de\u0301cran-2025-03-25-a\u0300-10.59.47-300x153.png 300w, https:\/\/campingduhable.lahague.com\/wp-content\/uploads\/2025\/03\/Capture-de\u0301cran-2025-03-25-a\u0300-10.59.47-768x392.png 768w, https:\/\/campingduhable.lahague.com\/wp-content\/uploads\/2025\/03\/Capture-de\u0301cran-2025-03-25-a\u0300-10.59.47-1536x784.png 1536w, https:\/\/campingduhable.lahague.com\/wp-content\/uploads\/2025\/03\/Capture-de\u0301cran-2025-03-25-a\u0300-10.59.47-2048x1045.png 2048w, https:\/\/campingduhable.lahague.com\/wp-content\/uploads\/2025\/03\/Capture-de\u0301cran-2025-03-25-a\u0300-10.59.47-1568x800.png 1568w\" sizes=\"(max-width: 780px) 100vw, 780px\" \/><\/figure>\n\n\n\n<p><\/p>\n","protected":false},"excerpt":{"rendered":"<p>Contactez-nousContact us 4 rue de la Jonqui\u00e8re, Omonville-la-Rogue 50440 La Hague campingduhable@lahague.com 02.33.52.86.15 R\u00e9servation ch\u00e2let toute l&rsquo;ann\u00e9e. Notre camping est ouvert toute l&rsquo;ann\u00e9e aux campings cars Camping ouvert du 1er Avril au 19 OctobreOpen from 1st April to 20th October n\u00b0 Siret&nbsp;: 200&nbsp;065&nbsp;415&nbsp;004 38<\/p>\n","protected":false},"author":1,"featured_media":0,"parent":0,"menu_order":0,"comment_status":"closed","ping_status":"closed","template":"","meta":[],"_links":{"self":[{"href":"https:\/\/campingduhable.lahague.com\/index.php?rest_route=\/wp\/v2\/pages\/10"}],"collection":[{"href":"https:\/\/campingduhable.lahague.com\/index.php?rest_route=\/wp\/v2\/pages"}],"about":[{"href":"https:\/\/campingduhable.lahague.com\/index.php?rest_route=\/wp\/v2\/types\/page"}],"author":[{"embeddable":true,"href":"https:\/\/campingduhable.lahague.com\/index.php?rest_route=\/wp\/v2\/users\/1"}],"replies":[{"embeddable":true,"href":"https:\/\/campingduhable.lahague.com\/index.php?rest_route=%2Fwp%2Fv2%2Fcomments&post=10"}],"version-history":[{"count":15,"href":"https:\/\/campingduhable.lahague.com\/index.php?rest_route=\/wp\/v2\/pages\/10\/revisions"}],"predecessor-version":[{"id":370,"href":"https:\/\/campingduhable.lahague.com\/index.php?rest_route=\/wp\/v2\/pages\/10\/revisions\/370"}],"wp:attachment":[{"href":"https:\/\/campingduhable.lahague.com\/index.php?rest_route=%2Fwp%2Fv2%2Fmedia&parent=10"}],"curies":[{"name":"wp","href":"https:\/\/api.w.org\/{rel}","templated":true}]}}